{"id":57,"date":"2021-06-07T15:34:22","date_gmt":"2021-06-07T13:34:22","guid":{"rendered":"https:\/\/www.xn--sgschftl-4za.at\/?page_id=57"},"modified":"2023-06-20T15:41:19","modified_gmt":"2023-06-20T13:41:19","slug":"genossenschaft","status":"publish","type":"page","link":"https:\/\/wurtsl.com\/sgschaeftl\/genossenschaft\/","title":{"rendered":"Genossenschaft"},"content":{"rendered":"<p><div class=\"fusion-fullwidth fullwidth-box fusion-builder-row-1 fusion-flex-container fusion-parallax-none nonhundred-percent-fullwidth non-hundred-percent-height-scrolling\" style=\"background-color: #9be670;background-image: url(&quot;https:\/\/wurtsl.com\/sgschaeftl\/wp-content\/uploads\/2021\/06\/food-pattern-transparent-4.png&quot;);background-position: left top;background-repeat: no-repeat;border-width: 0px 0px 0px 0px;border-color:#eae9e9;border-style:solid;-webkit-background-size:cover;-moz-background-size:cover;-o-background-size:cover;background-size:cover;\" ><div class=\"fusion-builder-row fusion-row fusion-flex-align-items-flex-start\" style=\"max-width:936px;margin-left: calc(-4% \/ 2 );margin-right: calc(-4% \/ 2 );\"><div class=\"fusion-layout-column fusion_builder_column fusion-builder-column-0 fusion_builder_column_1_1 1_1 fusion-flex-column\"><div class=\"fusion-column-wrapper fusion-flex-justify-content-flex-start fusion-content-layout-column\" style=\"background-position:left top;background-repeat:no-repeat;-webkit-background-size:cover;-moz-background-size:cover;-o-background-size:cover;background-size:cover;padding: 0px 0px 0px 0px;\"><div class=\"fusion-separator fusion-full-width-sep\" style=\"align-self: center;margin-left: auto;margin-right: auto;margin-top:250px;width:100%;\"><\/div><style type=\"text\/css\">@media only screen and (max-width:1024px) {.fusion-title.fusion-title-1{margin-top:0px!important; margin-right:0px!important;margin-bottom:31px!important;margin-left:0px!important;}}@media only screen and (max-width:640px) {.fusion-title.fusion-title-1{margin-top:0px!important; margin-right:0px!important;margin-bottom:20px!important; margin-left:0px!important;}}<\/style><div class=\"fusion-title title fusion-title-1 fusion-sep-none fusion-title-center fusion-title-text fusion-title-size-one\" style=\"margin-top:0px;margin-right:0px;margin-bottom:31px;margin-left:0px;\"><h1 class=\"title-heading-center fusion-responsive-typography-calculated\" style=\"margin:0;--fontSize:34;line-height:1.4;\">Die B\u00fcrgergenossenschaft<\/h1><\/div><div class=\"fusion-separator fusion-full-width-sep\" style=\"align-self: center;margin-left: auto;margin-right: auto;margin-bottom:250px;width:100%;\"><\/div><\/div><style type=\"text\/css\">.fusion-body .fusion-builder-column-0{width:100% !important;margin-top : 0px;margin-bottom : 20px;}.fusion-builder-column-0 > .fusion-column-wrapper {padding-top : 0px !important;padding-right : 0px !important;margin-right : 1.92%;padding-bottom : 0px !important;padding-left : 0px !important;margin-left : 1.92%;}@media only screen and (max-width:1024px) {.fusion-body .fusion-builder-column-0{width:100% !important;order : 0;}.fusion-builder-column-0 > .fusion-column-wrapper {margin-right : 1.92%;margin-left : 1.92%;}}@media only screen and (max-width:640px) {.fusion-body .fusion-builder-column-0{width:100% !important;order : 0;}.fusion-builder-column-0 > .fusion-column-wrapper {margin-right : 1.92%;margin-left : 1.92%;}}<\/style><\/div><\/div><style type=\"text\/css\">.fusion-body .fusion-flex-container.fusion-builder-row-1{ padding-top : 0px;margin-top : 0px;padding-right : 0px;padding-bottom : 0px;margin-bottom : 0px;padding-left : 0px;}<\/style><\/div><div class=\"fusion-fullwidth fullwidth-box fusion-builder-row-2 fusion-flex-container nonhundred-percent-fullwidth non-hundred-percent-height-scrolling fusion-custom-z-index\" style=\"background-color: rgba(255,255,255,0);background-position: center center;background-repeat: no-repeat;border-width: 0px 0px 0px 0px;border-color:#eae9e9;border-style:solid;\" ><div class=\"fusion-builder-row fusion-row fusion-flex-align-items-flex-start\" style=\"max-width:936px;margin-left: calc(-4% \/ 2 );margin-right: calc(-4% \/ 2 );\"><div class=\"fusion-layout-column fusion_builder_column fusion-builder-column-1 fusion_builder_column_1_1 1_1 fusion-flex-column lwb-shadow\"><div class=\"fusion-column-wrapper fusion-flex-justify-content-flex-start fusion-content-layout-column\" style=\"background-position:left top;background-repeat:no-repeat;-webkit-background-size:cover;-moz-background-size:cover;-o-background-size:cover;background-size:cover;border-radius:25px 0px 25px 0px;background-color:#ffffff;border-width: 1px 1px 1px 1px;border-color:#dcdcdc;border-style:solid;border-radius:25px 0px 25px 0px;overflow:hidden;padding: 45px 35px 45px 35px;\"><style type=\"text\/css\">@media only screen and (max-width:1024px) {.fusion-title.fusion-title-2{margin-top:0px!important; margin-right:0px!important;margin-bottom:31px!important;margin-left:0px!important;}}@media only screen and (max-width:640px) {.fusion-title.fusion-title-2{margin-top:0px!important; margin-right:0px!important;margin-bottom:20px!important; margin-left:0px!important;}}<\/style><div class=\"fusion-title title fusion-title-2 fusion-sep-none fusion-title-text fusion-title-size-two\" style=\"margin-top:0px;margin-right:0px;margin-bottom:31px;margin-left:0px;\"><h2 class=\"title-heading-left fusion-responsive-typography-calculated\" style=\"margin:0;--fontSize:28;line-height:1.5;\">Vorteile f\u00fcr ein Genossenschafts-Mitgliedschaft<\/h2><\/div><div class=\"fusion-text fusion-text-1\"><p style=\"text-align: justify;\">Der Gesch\u00e4ftsbetrieb wird ausschlie\u00dflich von den Genossenschaftsmitgliedern betrieben. Ein Gesch\u00e4ft soll ein Gesch\u00e4ft sein \u2013 die Genossenschafter legen das Sortiment, die Aufschlagsspanne , die \u00d6ffnungszeiten, das notwendige Personal etc. genau nach Satzung fest. Das Gesch\u00e4ft soll ehrenamtlich, au\u00dfer Verkaufspersonal, gef\u00fchrt werden.<\/p>\n<\/div><style type=\"text\/css\">.fusion-accordian #accordian-1 .panel-title a .fa-fusion-box:before{ font-size: 15px;}.fusion-accordian #accordian-1 .panel-title a .fa-fusion-box{ color: #ffffff;}.fusion-accordian #accordian-1 .panel-title a{font-size:15px;}.fusion-accordian #accordian-1 .fa-fusion-box { background-color: #333333;border-color: #333333;}.fusion-accordian #accordian-1 .panel-title a:hover,.fusion-accordian #accordian-1 .panel-title a.hover { color: #8a9a40;}.fusion-faq-shortcode .fusion-accordian #accordian-1 .fusion-toggle-boxed-mode:hover .panel-title a { color: #8a9a40;}.fusion-accordian #accordian-1 .panel-title .active .fa-fusion-box,.fusion-accordian #accordian-1 .panel-title a:hover .fa-fusion-box,.fusion-accordian #accordian-1 .panel-title a.hover .fa-fusion-box { background-color: #8a9a40!important;border-color: #8a9a40!important;}<\/style><div class=\"fusion-faq-shortcode\"><div class=\"fusion-faqs-wrapper\"><div class=\"accordian fusion-accordian\"><div class=\"panel-group \" id=\"accordian-1\"><div class=\"fusion-panel panel-default fusion-faq-post fusion-faq-post-61 genossenschaft \"><span class=\"entry-title rich-snippet-hidden\">Wie wird man Genossenschaftsmitglied?<\/span><span class=\"vcard rich-snippet-hidden\"><span class=\"fn\"><a href=\"https:\/\/wurtsl.com\/sgschaeftl\/author\/lewebat\/\" title=\"Beitr\u00e4ge von lewebat\" rel=\"author\">lewebat<\/a><\/span><\/span><span class=\"updated rich-snippet-hidden\">2021-06-07T15:38:46+02:00<\/span><div class=\"panel-heading\"><h4 class=\"panel-title toggle\"><a data-toggle=\"collapse\" class=\"collapsed\" data-parent=\"#accordian-1\" data-target=\"#collapse-1-61\" href=\"#collapse-1-61\"><div class=\"fusion-toggle-icon-wrapper\"><div class=\"fusion-toggle-icon-wrapper-main\"><div class=\"fusion-toggle-icon-wrapper-sub\"><i class=\"fa-fusion-box\" aria-hidden=\"true\"><\/i><\/div><\/div><\/div><div class=\"fusion-toggle-heading\">Wie wird man Genossenschaftsmitglied?<\/div><\/a><\/h4><\/div><div id=\"collapse-1-61\" class=\"panel-collapse collapse\"><div class=\"panel-body toggle-content post-content\"><p style=\"text-align: justify;\">Mitglieder k\u00f6nnen alle Menschen oder Institutionen werden, die mindestens einen Gesch\u00e4ftsanteil in der H\u00f6he von \u20ac 150,00 erwerben. Jede\/r kann auch mehrere Anteile kaufen. Durch den Anteilskauf (das ist KEINE Spende!) wird man Miteigent\u00fcmer der \u201eFirma\u201c. Die Mitgliedschaft kann nach einer dreij\u00e4hrigen Frist gek\u00fcndigt werden und man bekommt seinen eingezahlten Beitrag zur\u00fcck. In der Generalversammlung wird es das sogenannte \u201eKopfstimmrecht\u201c geben. Das bedeutet, dass jeder Genossenschafter, unabh\u00e4ngig von seinem Anteil und somit vom eingezahlten finanziellen Beitrag, das gleiche Stimmrecht hat, wie z.B. Gro\u00dfgenossenschafter (RAIBA, Gemeinde, \u2026). Im Rahmen der j\u00e4hrlichen Generalversammlung muss \u00fcber die wirtschaftliche Situation der Genossenschaft berichtet werden. Mittels Stimmrecht kann man \u00fcber die Entwicklung des gemeinsamen Unternehmens mitentscheiden. Je mehr Anteile die B\u00fcrgerInnen einbringen, umso geringer ist das ben\u00f6tigte Fremdkapital!<\/p>\n<\/div><\/div><\/div><div class=\"fusion-panel panel-default fusion-faq-post fusion-faq-post-65 genossenschaft \"><span class=\"entry-title rich-snippet-hidden\">Welche Vorteile hat eine Mitgliedschaft?<\/span><span class=\"vcard rich-snippet-hidden\"><span class=\"fn\"><a href=\"https:\/\/wurtsl.com\/sgschaeftl\/author\/lewebat\/\" title=\"Beitr\u00e4ge von lewebat\" rel=\"author\">lewebat<\/a><\/span><\/span><span class=\"updated rich-snippet-hidden\">2021-06-07T15:40:07+02:00<\/span><div class=\"panel-heading\"><h4 class=\"panel-title toggle\"><a data-toggle=\"collapse\" class=\"collapsed\" data-parent=\"#accordian-1\" data-target=\"#collapse-1-65\" href=\"#collapse-1-65\"><div class=\"fusion-toggle-icon-wrapper\"><div class=\"fusion-toggle-icon-wrapper-main\"><div class=\"fusion-toggle-icon-wrapper-sub\"><i class=\"fa-fusion-box\" aria-hidden=\"true\"><\/i><\/div><\/div><\/div><div class=\"fusion-toggle-heading\">Welche Vorteile hat eine Mitgliedschaft?<\/div><\/a><\/h4><\/div><div id=\"collapse-1-65\" class=\"panel-collapse collapse\"><div class=\"panel-body toggle-content post-content\"><p style=\"text-align: justify;\">Durch eine Mitgliedschaft in \u2013 aber auch von au\u00dferhalb \u2013 unserer Gemeinde, k\u00f6nnen wir uns diesen Nahversorger und somit den Erhalt der Lebensqualit\u00e4t in Puchkirchen langfristig sichern. M\u00f6gliche Gewinne k\u00f6nnen entweder angespart oder an die Mitglieder in Form von Beg\u00fcnstigungen oder Gutscheinen r\u00fcckerstattet werden. Jedes Mitglied ist damit auch am Erfolg der Genossenschaft mitbeteiligt.<\/p>\n<\/div><\/div><\/div><div class=\"fusion-panel panel-default fusion-faq-post fusion-faq-post-67 genossenschaft \"><span class=\"entry-title rich-snippet-hidden\">Wie wird eine Genossenschaft kontrolliert und gepr\u00fcft?<\/span><span class=\"vcard rich-snippet-hidden\"><span class=\"fn\"><a href=\"https:\/\/wurtsl.com\/sgschaeftl\/author\/lewebat\/\" title=\"Beitr\u00e4ge von lewebat\" rel=\"author\">lewebat<\/a><\/span><\/span><span class=\"updated rich-snippet-hidden\">2021-06-07T15:41:07+02:00<\/span><div class=\"panel-heading\"><h4 class=\"panel-title toggle\"><a data-toggle=\"collapse\" class=\"collapsed\" data-parent=\"#accordian-1\" data-target=\"#collapse-1-67\" href=\"#collapse-1-67\"><div class=\"fusion-toggle-icon-wrapper\"><div class=\"fusion-toggle-icon-wrapper-main\"><div class=\"fusion-toggle-icon-wrapper-sub\"><i class=\"fa-fusion-box\" aria-hidden=\"true\"><\/i><\/div><\/div><\/div><div class=\"fusion-toggle-heading\">Wie wird eine Genossenschaft kontrolliert und gepr\u00fcft?<\/div><\/a><\/h4><\/div><div id=\"collapse-1-67\" class=\"panel-collapse collapse\"><div class=\"panel-body toggle-content post-content\"><p style=\"text-align: justify;\">Unsere Genossenschaft wird dem Raiffeisen Genossenschaftsverband beitreten und von diesem laufend wirtschaftlich gepr\u00fcft. Diese Kontrolle ist mit ein Grund daf\u00fcr, dass Genossenschaften zu den sichersten Unternehmensformen z\u00e4hlen. Diese externe Pr\u00fcfung schafft h\u00f6chste Transparenz f\u00fcr die Mitglieder, garantiert eine maximale Sicherheit der eingezahlten Genossenschaftsbeitr\u00e4ge und sorgt f\u00fcr die verantwortungsvolle Verwendung der eingesetzten Mittel.<\/p>\n<\/div><\/div><\/div><div class=\"fusion-panel panel-default fusion-faq-post fusion-faq-post-69 genossenschaft \"><span class=\"entry-title rich-snippet-hidden\">Wof\u00fcr hafte ich als Mitglied der Genossenschaft?<\/span><span class=\"vcard rich-snippet-hidden\"><span class=\"fn\"><a href=\"https:\/\/wurtsl.com\/sgschaeftl\/author\/lewebat\/\" title=\"Beitr\u00e4ge von lewebat\" rel=\"author\">lewebat<\/a><\/span><\/span><span class=\"updated rich-snippet-hidden\">2021-06-07T15:42:50+02:00<\/span><div class=\"panel-heading\"><h4 class=\"panel-title toggle\"><a data-toggle=\"collapse\" class=\"collapsed\" data-parent=\"#accordian-1\" data-target=\"#collapse-1-69\" href=\"#collapse-1-69\"><div class=\"fusion-toggle-icon-wrapper\"><div class=\"fusion-toggle-icon-wrapper-main\"><div class=\"fusion-toggle-icon-wrapper-sub\"><i class=\"fa-fusion-box\" aria-hidden=\"true\"><\/i><\/div><\/div><\/div><div class=\"fusion-toggle-heading\">Wof\u00fcr hafte ich als Mitglied der Genossenschaft?<\/div><\/a><\/h4><\/div><div id=\"collapse-1-69\" class=\"panel-collapse collapse\"><div class=\"panel-body toggle-content post-content\"><p style=\"text-align: justify;\">Jedes Mitglied haftet mit der doppelten Einlage. Das bedeutet, dass im Falle eines Konkurses die Mitglieder jene Summe, um die sie Anteile an der Genossenschaft erworben haben, nochmals aufbringen m\u00fcssten.<\/p>\n<p style=\"text-align: justify;\"><strong>Beispiel:<\/strong> Das Mitglied h\u00e4lt einen Gesch\u00e4ftsanteil von \u20ac 150,00 &#8211; eine Haftung in H\u00f6he von \u20ac 150,00. Insgesamt kann das Mitglied also h\u00f6chstens \u20ac 300,00 \u201everlieren\u201c \u2013 dar\u00fcber hinaus gibt es keine Haftung! Ein derartiges Szenario ist durch die verpflichtende Mitgliedschaft und somit Kontrolle durch den Genossenschaftsverband nahezu ausgeschlossen! Dar\u00fcber hinaus muss der Vorstand in der j\u00e4hrlichen Generalversammlung Berichterstattung \u00fcber die finanzielle Situation leisten!<\/p>\n<\/div><\/div><\/div><\/div><\/div><\/div><\/div><div class=\"fusion-separator fusion-full-width-sep\" style=\"align-self: center;margin-left: auto;margin-right: auto;margin-bottom:35px;width:100%;\"><\/div><div ><style type=\"text\/css\">.fusion-button.button-1 {border-radius:50px;}<\/style><a class=\"fusion-button button-flat fusion-button-default-size button-default button-1 fusion-button-default-span fusion-button-default-type\" target=\"_self\" href=\"https:\/\/wurtsl.com\/sgschaeftl\/mitglied-werden\/\"><span class=\"fusion-button-text\">Werde Teil vom Projekt<\/span><\/a><\/div><\/div><style type=\"text\/css\">.fusion-body .fusion-builder-column-1{width:100% !important;margin-top : 0px;margin-bottom : 20px;}.fusion-builder-column-1 > .fusion-column-wrapper {padding-top : 45px !important;padding-right : 35px !important;margin-right : 1.92%;padding-bottom : 45px !important;padding-left : 35px !important;margin-left : 1.92%;}@media only screen and (max-width:1024px) {.fusion-body .fusion-builder-column-1{width:100% !important;order : 0;}.fusion-builder-column-1 > .fusion-column-wrapper {margin-right : 1.92%;margin-left : 1.92%;}}@media only screen and (max-width:640px) {.fusion-body .fusion-builder-column-1{width:100% !important;order : 0;}.fusion-builder-column-1 > .fusion-column-wrapper {margin-right : 1.92%;margin-left : 1.92%;}}<\/style><\/div><\/div><style type=\"text\/css\">.fusion-fullwidth.fusion-builder-row-2 { z-index:999 !important; }.fusion-body .fusion-flex-container.fusion-builder-row-2{ padding-top : 0px;margin-top : -45px;padding-right : 0px;padding-bottom : 0px;margin-bottom : 0px;padding-left : 0px;}<\/style><\/div><\/p>\n","protected":false},"excerpt":{"rendered":"","protected":false},"author":1,"featured_media":0,"parent":0,"menu_order":0,"comment_status":"closed","ping_status":"closed","template":"100-width.php","meta":{"footnotes":""},"class_list":["post-57","page","type-page","status-publish","hentry"],"_links":{"self":[{"href":"https:\/\/wurtsl.com\/sgschaeftl\/wp-json\/wp\/v2\/pages\/57","targetHints":{"allow":["GET"]}}],"collection":[{"href":"https:\/\/wurtsl.com\/sgschaeftl\/wp-json\/wp\/v2\/pages"}],"about":[{"href":"https:\/\/wurtsl.com\/sgschaeftl\/wp-json\/wp\/v2\/types\/page"}],"author":[{"embeddable":true,"href":"https:\/\/wurtsl.com\/sgschaeftl\/wp-json\/wp\/v2\/users\/1"}],"replies":[{"embeddable":true,"href":"https:\/\/wurtsl.com\/sgschaeftl\/wp-json\/wp\/v2\/comments?post=57"}],"version-history":[{"count":7,"href":"https:\/\/wurtsl.com\/sgschaeftl\/wp-json\/wp\/v2\/pages\/57\/revisions"}],"predecessor-version":[{"id":218,"href":"https:\/\/wurtsl.com\/sgschaeftl\/wp-json\/wp\/v2\/pages\/57\/revisions\/218"}],"wp:attachment":[{"href":"https:\/\/wurtsl.com\/sgschaeftl\/wp-json\/wp\/v2\/media?parent=57"}],"curies":[{"name":"wp","href":"https:\/\/api.w.org\/{rel}","templated":true}]}}